{"id":1394,"date":"2023-07-02T01:17:20","date_gmt":"2023-07-01T23:17:20","guid":{"rendered":"https:\/\/flaschtal.it\/wohnung-hafer\/"},"modified":"2026-03-30T09:37:41","modified_gmt":"2026-03-30T07:37:41","slug":"apartment-oats","status":"publish","type":"page","link":"https:\/\/flaschtal.it\/en\/apartment-oats\/","title":{"rendered":"Apartment Oats"},"content":{"rendered":"","protected":false},"excerpt":{"rendered":"","protected":false},"author":1,"featured_media":0,"parent":0,"menu_order":4,"comment_status":"closed","ping_status":"closed","template":"template-default.php","meta":{"footnotes":""},"class_list":["post-1394","page","type-page","status-publish","hentry"],"acf":[],"yoast_head":"<!-- This site is optimized with the Yoast SEO plugin v25.4 - https:\/\/yoast.com\/wordpress\/plugins\/seo\/ -->\n<title>Flaschtal-Hof ist f\u00fcr jeden Naturliebhaber<\/title>\n<meta name=\"description\" content=\"Ob gem\u00fctliche Spazierg\u00e4nge oder anspruchsvolle Bergtouren \u2013 in unmittelbarer N\u00e4he vom Flaschtal-Hof ist f\u00fcr jeden Naturliebhaber etwas dabei.\" \/>\n<meta name=\"robots\" content=\"index, follow, max-snippet:-1, max-image-preview:large, max-video-preview:-1\" \/>\n<link rel=\"canonical\" href=\"https:\/\/flaschtal.it\/en\/apartment-oats\/\" \/>\n<meta property=\"og:locale\" content=\"en_US\" \/>\n<meta property=\"og:type\" content=\"article\" \/>\n<meta property=\"og:title\" content=\"Flaschtal-Hof ist f\u00fcr jeden Naturliebhaber\" \/>\n<meta property=\"og:description\" content=\"Ob gem\u00fctliche Spazierg\u00e4nge oder anspruchsvolle Bergtouren \u2013 in unmittelbarer N\u00e4he vom Flaschtal-Hof ist f\u00fcr jeden Naturliebhaber etwas dabei.\" \/>\n<meta property=\"og:url\" content=\"https:\/\/flaschtal.it\/en\/apartment-oats\/\" \/>\n<meta property=\"og:site_name\" content=\"flaschtal.it\" \/>\n<meta property=\"article:modified_time\" content=\"2026-03-30T07:37:41+00:00\" \/>\n<meta name=\"twitter:card\" content=\"summary_large_image\" \/>\n<meta name=\"twitter:label1\" content=\"Est. reading time\" \/>\n\t<meta name=\"twitter:data1\" content=\"4 minutes\" \/>\n<script type=\"application\/ld+json\" class=\"yoast-schema-graph\">{\"@context\":\"https:\/\/schema.org\",\"@graph\":[{\"@type\":\"WebPage\",\"@id\":\"https:\/\/flaschtal.it\/en\/apartment-oats\/\",\"url\":\"https:\/\/flaschtal.it\/en\/apartment-oats\/\",\"name\":\"Flaschtal-Hof ist f\u00fcr jeden Naturliebhaber\",\"isPartOf\":{\"@id\":\"https:\/\/flaschtal.it\/en\/#website\"},\"datePublished\":\"2023-07-01T23:17:20+00:00\",\"dateModified\":\"2026-03-30T07:37:41+00:00\",\"description\":\"Ob gem\u00fctliche Spazierg\u00e4nge oder anspruchsvolle Bergtouren \u2013 in unmittelbarer N\u00e4he vom Flaschtal-Hof ist f\u00fcr jeden Naturliebhaber etwas dabei.\",\"breadcrumb\":{\"@id\":\"https:\/\/flaschtal.it\/en\/apartment-oats\/#breadcrumb\"},\"inLanguage\":\"en-US\",\"potentialAction\":[{\"@type\":\"ReadAction\",\"target\":[\"https:\/\/flaschtal.it\/en\/apartment-oats\/\"]}]},{\"@type\":\"BreadcrumbList\",\"@id\":\"https:\/\/flaschtal.it\/en\/apartment-oats\/#breadcrumb\",\"itemListElement\":[{\"@type\":\"ListItem\",\"position\":1,\"name\":\"Startseite\",\"item\":\"https:\/\/flaschtal.it\/en\/\"},{\"@type\":\"ListItem\",\"position\":2,\"name\":\"Apartment Oats\"}]},{\"@type\":\"WebSite\",\"@id\":\"https:\/\/flaschtal.it\/en\/#website\",\"url\":\"https:\/\/flaschtal.it\/en\/\",\"name\":\"flaschtal.it\",\"description\":\"\",\"potentialAction\":[{\"@type\":\"SearchAction\",\"target\":{\"@type\":\"EntryPoint\",\"urlTemplate\":\"https:\/\/flaschtal.it\/en\/?s={search_term_string}\"},\"query-input\":{\"@type\":\"PropertyValueSpecification\",\"valueRequired\":true,\"valueName\":\"search_term_string\"}}],\"inLanguage\":\"en-US\"}]}<\/script>\n<!-- \/ Yoast SEO plugin. -->","yoast_head_json":{"title":"Flaschtal-Hof ist f\u00fcr jeden Naturliebhaber","description":"Ob gem\u00fctliche Spazierg\u00e4nge oder anspruchsvolle Bergtouren \u2013 in unmittelbarer N\u00e4he vom Flaschtal-Hof ist f\u00fcr jeden Naturliebhaber etwas dabei.","robots":{"index":"index","follow":"follow","max-snippet":"max-snippet:-1","max-image-preview":"max-image-preview:large","max-video-preview":"max-video-preview:-1"},"canonical":"https:\/\/flaschtal.it\/en\/apartment-oats\/","og_locale":"en_US","og_type":"article","og_title":"Flaschtal-Hof ist f\u00fcr jeden Naturliebhaber","og_description":"Ob gem\u00fctliche Spazierg\u00e4nge oder anspruchsvolle Bergtouren \u2013 in unmittelbarer N\u00e4he vom Flaschtal-Hof ist f\u00fcr jeden Naturliebhaber etwas dabei.","og_url":"https:\/\/flaschtal.it\/en\/apartment-oats\/","og_site_name":"flaschtal.it","article_modified_time":"2026-03-30T07:37:41+00:00","twitter_card":"summary_large_image","twitter_misc":{"Est. reading time":"4 minutes"},"schema":{"@context":"https:\/\/schema.org","@graph":[{"@type":"WebPage","@id":"https:\/\/flaschtal.it\/en\/apartment-oats\/","url":"https:\/\/flaschtal.it\/en\/apartment-oats\/","name":"Flaschtal-Hof ist f\u00fcr jeden Naturliebhaber","isPartOf":{"@id":"https:\/\/flaschtal.it\/en\/#website"},"datePublished":"2023-07-01T23:17:20+00:00","dateModified":"2026-03-30T07:37:41+00:00","description":"Ob gem\u00fctliche Spazierg\u00e4nge oder anspruchsvolle Bergtouren \u2013 in unmittelbarer N\u00e4he vom Flaschtal-Hof ist f\u00fcr jeden Naturliebhaber etwas dabei.","breadcrumb":{"@id":"https:\/\/flaschtal.it\/en\/apartment-oats\/#breadcrumb"},"inLanguage":"en-US","potentialAction":[{"@type":"ReadAction","target":["https:\/\/flaschtal.it\/en\/apartment-oats\/"]}]},{"@type":"BreadcrumbList","@id":"https:\/\/flaschtal.it\/en\/apartment-oats\/#breadcrumb","itemListElement":[{"@type":"ListItem","position":1,"name":"Startseite","item":"https:\/\/flaschtal.it\/en\/"},{"@type":"ListItem","position":2,"name":"Apartment Oats"}]},{"@type":"WebSite","@id":"https:\/\/flaschtal.it\/en\/#website","url":"https:\/\/flaschtal.it\/en\/","name":"flaschtal.it","description":"","potentialAction":[{"@type":"SearchAction","target":{"@type":"EntryPoint","urlTemplate":"https:\/\/flaschtal.it\/en\/?s={search_term_string}"},"query-input":{"@type":"PropertyValueSpecification","valueRequired":true,"valueName":"search_term_string"}}],"inLanguage":"en-US"}]}},"jetpack_sharing_enabled":true,"_links":{"self":[{"href":"https:\/\/flaschtal.it\/en\/wp-json\/wp\/v2\/pages\/1394","targetHints":{"allow":["GET"]}}],"collection":[{"href":"https:\/\/flaschtal.it\/en\/wp-json\/wp\/v2\/pages"}],"about":[{"href":"https:\/\/flaschtal.it\/en\/wp-json\/wp\/v2\/types\/page"}],"author":[{"embeddable":true,"href":"https:\/\/flaschtal.it\/en\/wp-json\/wp\/v2\/users\/1"}],"replies":[{"embeddable":true,"href":"https:\/\/flaschtal.it\/en\/wp-json\/wp\/v2\/comments?post=1394"}],"version-history":[{"count":3,"href":"https:\/\/flaschtal.it\/en\/wp-json\/wp\/v2\/pages\/1394\/revisions"}],"predecessor-version":[{"id":1483,"href":"https:\/\/flaschtal.it\/en\/wp-json\/wp\/v2\/pages\/1394\/revisions\/1483"}],"wp:attachment":[{"href":"https:\/\/flaschtal.it\/en\/wp-json\/wp\/v2\/media?parent=1394"}],"curies":[{"name":"wp","href":"https:\/\/api.w.org\/{rel}","templated":true}]}}